{"id":354,"date":"2014-02-07T13:42:25","date_gmt":"2014-02-07T12:42:25","guid":{"rendered":"https:\/\/www.duckworld.dk\/?page_id=354"},"modified":"2025-10-16T09:25:30","modified_gmt":"2025-10-16T07:25:30","slug":"om-os","status":"publish","type":"page","link":"https:\/\/www.duckworld.dk\/en\/om-os\/","title":{"rendered":"About"},"content":{"rendered":"<p>[et_pb_section fb_built=&#8221;1&#8243; admin_label=&#8221;section&#8221; _builder_version=&#8221;4.16&#8243; custom_padding=&#8221;||100px|||&#8221; global_colors_info=&#8221;{}&#8221;][et_pb_row admin_label=&#8221;row&#8221; _builder_version=&#8221;4.27.4&#8243; background_size=&#8221;initial&#8221; background_position=&#8221;top_left&#8221; background_repeat=&#8221;repeat&#8221; custom_padding=&#8221;0px||0px||false|false&#8221; global_colors_info=&#8221;{}&#8221;][et_pb_column type=&#8221;4_4&#8243; _builder_version=&#8221;4.16&#8243; custom_padding=&#8221;|||&#8221; global_colors_info=&#8221;{}&#8221; custom_padding__hover=&#8221;|||&#8221;][et_pb_text admin_label=&#8221;Text&#8221; _builder_version=&#8221;4.27.4&#8243; background_size=&#8221;initial&#8221; background_position=&#8221;top_left&#8221; background_repeat=&#8221;repeat&#8221; module_alignment=&#8221;center&#8221; header_font_size_tablet=&#8221;&#8221; header_font_size_phone=&#8221;25px&#8221; header_font_size_last_edited=&#8221;on|phone&#8221; global_colors_info=&#8221;{}&#8221;]<\/p>\n<h2>OM N.T. PRODUCTION<\/h2>\n<p>[\/et_pb_text][\/et_pb_column][\/et_pb_row][et_pb_row admin_label=&#8221;row&#8221; _builder_version=&#8221;4.27.4&#8243; background_size=&#8221;initial&#8221; background_position=&#8221;top_left&#8221; background_repeat=&#8221;repeat&#8221; global_colors_info=&#8221;{}&#8221;][et_pb_column type=&#8221;4_4&#8243; _builder_version=&#8221;4.16&#8243; custom_padding=&#8221;|||&#8221; global_colors_info=&#8221;{}&#8221; custom_padding__hover=&#8221;|||&#8221;][et_pb_text admin_label=&#8221;Text&#8221; _builder_version=&#8221;4.27.4&#8243; background_size=&#8221;initial&#8221; background_position=&#8221;top_left&#8221; background_repeat=&#8221;repeat&#8221; module_alignment=&#8221;center&#8221; custom_margin=&#8221;||||false|false&#8221; custom_padding=&#8221;|150px|||false|false&#8221; custom_padding_tablet=&#8221;|0px|||false|false&#8221; custom_padding_phone=&#8221;|0px|||false|false&#8221; custom_padding_last_edited=&#8221;on|phone&#8221; global_colors_info=&#8221;{}&#8221;]<\/p>\n<p>NT Production has delivered excellent quality for production companies, publishing houses, the film industry, the music industry and more much, since 1986 to the present day.<\/p>\n<p>[\/et_pb_text][et_pb_text admin_label=&#8221;Text&#8221; _builder_version=&#8221;4.27.4&#8243; background_size=&#8221;initial&#8221; background_position=&#8221;top_left&#8221; background_repeat=&#8221;repeat&#8221; module_alignment=&#8221;center&#8221; custom_margin=&#8221;||||false|false&#8221; custom_padding=&#8221;|150px|||false|false&#8221; custom_padding_tablet=&#8221;|0px|||false|false&#8221; custom_padding_phone=&#8221;|0px|||false|false&#8221; custom_padding_last_edited=&#8221;on|phone&#8221; global_colors_info=&#8221;{}&#8221;]<\/p>\n<p>We always find the most suitable manufacturer at the right price. We provide the logistics and meet your deadlines. So our clients can focus on their main field of work. In the long run \u2013 it will pay off.<\/p>\n<p>[\/et_pb_text][et_pb_text admin_label=&#8221;Text&#8221; _builder_version=&#8221;4.27.4&#8243; header_3_font=&#8221;|600|||||||&#8221; background_size=&#8221;initial&#8221; background_position=&#8221;top_left&#8221; background_repeat=&#8221;repeat&#8221; module_alignment=&#8221;center&#8221; custom_margin=&#8221;40px||||false|false&#8221; global_colors_info=&#8221;{}&#8221;]<\/p>\n<h3 class=\"wp-block-heading\">N.T. Production ApS<\/h3>\n<p>v\/ Niels Thorsen<br \/>L\u00e6ss\u00f8esgade 5, DK-2200 Copenhagen N<br \/>Denmark<\/p>\n<p>Telefon <a href=\"tel:004528189393\">+45 28 18 93 93<\/a><br \/>E-mail <a href=\"mailto:duckworld@duckworld.dk\">duckworld@duckworld.dk<\/a><\/p>\n<p>CVR 27327893<\/p>\n<p>[\/et_pb_text][\/et_pb_column][\/et_pb_row][et_pb_row _builder_version=&#8221;4.27.4&#8243; _module_preset=&#8221;default&#8221; custom_padding=&#8221;||0px||false|false&#8221; global_colors_info=&#8221;{}&#8221;][et_pb_column type=&#8221;4_4&#8243; _builder_version=&#8221;4.27.4&#8243; _module_preset=&#8221;default&#8221; global_colors_info=&#8221;{}&#8221;][et_pb_text _builder_version=&#8221;4.27.4&#8243; _module_preset=&#8221;default&#8221; header_3_font=&#8221;|600|||||||&#8221; custom_margin=&#8221;||0px||false|false&#8221; custom_padding=&#8221;||0px||false|false&#8221; global_colors_info=&#8221;{}&#8221;]<\/p>\n<h3>Customer references<\/h3>\n<p>[\/et_pb_text][\/et_pb_column][\/et_pb_row][et_pb_row column_structure=&#8221;1_4,1_4,1_4,1_4&#8243; _builder_version=&#8221;4.27.4&#8243; _module_preset=&#8221;default&#8221; custom_padding=&#8221;5px||||false|false&#8221; global_colors_info=&#8221;{}&#8221;][et_pb_column type=&#8221;1_4&#8243; _builder_version=&#8221;4.27.4&#8243; _module_preset=&#8221;default&#8221; global_colors_info=&#8221;{}&#8221;][et_pb_text _builder_version=&#8221;4.27.4&#8243; _module_preset=&#8221;default&#8221; global_colors_info=&#8221;{}&#8221;]<\/p>\n<p>Mulberry<br \/>Burberry<br \/>Klarlund<br \/><span>Scandinavian Cosmetics<\/span><br \/>Balder A\/S<br \/>British Airways Nordic &amp; World Wide<br \/>Warner Music<br \/>Emi Music<br \/>Sony Music<br \/>Copenhagen Music<br \/>Mermaid Music<br \/>McCann Erickson<\/p>\n<p>[\/et_pb_text][\/et_pb_column][et_pb_column type=&#8221;1_4&#8243; _builder_version=&#8221;4.27.4&#8243; _module_preset=&#8221;default&#8221; global_colors_info=&#8221;{}&#8221;][et_pb_text _builder_version=&#8221;4.27.4&#8243; _module_preset=&#8221;default&#8221; global_colors_info=&#8221;{}&#8221;]<\/p>\n<p>Utzon<br \/>ZOO Copenhagen<br \/>Brus<br \/>Diesel Nordic<br \/>Calvin Klein Europe<br \/>Tommy Hilfiger Europe<br \/>By Malene Birger<br \/>IC Companys \/ World Wide<br \/>Inwear, Matinique, Part Two, Soaked<br \/>ILLUM<br \/>Avenue Teatret<\/p>\n<p>[\/et_pb_text][\/et_pb_column][et_pb_column type=&#8221;1_4&#8243; _builder_version=&#8221;4.27.4&#8243; _module_preset=&#8221;default&#8221; global_colors_info=&#8221;{}&#8221;][et_pb_text _builder_version=&#8221;4.27.4&#8243; _module_preset=&#8221;default&#8221; global_colors_info=&#8221;{}&#8221;]<\/p>\n<p>Perch\u2019s Tehandel<br \/>Omega<br \/>Red Bull <br \/>\u00d8stre Gasv\u00e6rk<br \/>Huset teater<br \/>Chr. Hansens A\/S<br \/>Nordisk Film<br \/>DMB&amp;B Moscow (P&amp;G)<br \/>Emmery<br \/>Reinh van Hauen<br \/>BKI Kaffe<br \/>Madkastellet<\/p>\n<p>[\/et_pb_text][\/et_pb_column][et_pb_column type=&#8221;1_4&#8243; _builder_version=&#8221;4.27.4&#8243; _module_preset=&#8221;default&#8221; global_colors_info=&#8221;{}&#8221;][et_pb_text _builder_version=&#8221;4.27.4&#8243; _module_preset=&#8221;default&#8221; global_colors_info=&#8221;{}&#8221;]<\/p>\n<p>La Glace<br \/>To \u00d8l<br \/>Falke<br \/>Sennheiser<br \/>Rekom<br \/>Magasin Chokolade<br \/>Chokolade Fabrikken<br \/>Young &amp; Rubicam<br \/>Museum Den Frie<br \/>Museum R\u00f8nneb\u00e6ksholm<br \/>AIAIAI<br \/>L\u00e6ge Foreningen<\/p>\n<p>[\/et_pb_text][\/et_pb_column][\/et_pb_row][\/et_pb_section]<\/p>","protected":false},"excerpt":{"rendered":"<p>OM N.T. PRODUCTIONNT Production har leveret topkvalitet til produktionsvirksomheder, forlag, filmverdenen, musikbranchen m.m. siden 1986.Vi finder den bedst egnede producent til den rigtige pris, vi s\u00f8rger for logistik og sikrer deadlines, s\u00e5 vore kunder kan fokusere p\u00e5\u00a0deres\u00a0kernekompetencer. Det betaler sig p\u00e5 lang sigt.N.T. Production ApS v\/ Niels ThorsenL\u00e6ss\u00f8esgade 5, DK-2200 Copenhagen NDenmark Telefon +45 28 [&hellip;]<\/p>","protected":false},"author":6,"featured_media":0,"parent":0,"menu_order":0,"comment_status":"closed","ping_status":"closed","template":"","meta":{"_et_pb_use_builder":"on","_et_pb_old_content":"<!-- wp:columns -->\n<div class=\"wp-block-columns\"><!-- wp:column -->\n<div class=\"wp-block-column\"><!-- wp:paragraph -->\n<p>NT Production har leveret topkvalitet til produktionsvirksomheder, forlag, filmverdenen, musikbranchen m.m. siden 1986.<\/p>\n<!-- \/wp:paragraph -->\n\n<!-- wp:paragraph -->\n<p>Vi finder den bedst egnede producent til den rigtige pris, vi s\u00f8rger for logistik og sikrer deadlines, s\u00e5 vore kunder kan fokusere p\u00e5&nbsp;<strong>deres<\/strong>&nbsp;kernekompetencer. Det betaler sig p\u00e5 lang sigt.<\/p>\n<!-- \/wp:paragraph -->\n\n<!-- wp:paragraph -->\n<p>NT Production has delivered excellent quality for production companies, publishing houses, the film industry, the music industry and more much, since 1986 to the present day.<\/p>\n<!-- \/wp:paragraph -->\n\n<!-- wp:paragraph -->\n<p>We always find the most suitable manufacturer at the right price. We provide the logistics and meet your deadlines. So our clients can focus on their main field of work. In the long run \u2013 it will pay off.<\/p>\n<!-- \/wp:paragraph -->\n\n<!-- wp:spacer {\"height\":\"50px\"} -->\n<div style=\"height:50px\" aria-hidden=\"true\" class=\"wp-block-spacer\"><\/div>\n<!-- \/wp:spacer --><\/div>\n<!-- \/wp:column --><\/div>\n<!-- \/wp:columns -->\n\n<!-- wp:heading {\"level\":3} -->\n<h3 class=\"wp-block-heading\">N.T. Production ApS<\/h3>\n<!-- \/wp:heading -->\n\n<!-- wp:paragraph -->\n<p>v\/ Niels Thorsen<br>L\u00e6ss\u00f8esgade 5<br>DK-2200 Copenhagen N<br>Denmark<\/p>\n<!-- \/wp:paragraph -->\n\n<!-- wp:paragraph -->\n<p>Telefon <a href=\"tel:004528189393\">+45 28 18 93 93<\/a><br>E-mail <a href=\"mailto:duckworld@duckworld.dk\">duckworld@duckworld.dk<\/a><\/p>\n<!-- \/wp:paragraph -->\n\n<!-- wp:paragraph -->\n<p>CVR 27327893<\/p>\n<!-- \/wp:paragraph -->\n\n<!-- wp:spacer {\"height\":\"50px\"} -->\n<div style=\"height:50px\" aria-hidden=\"true\" class=\"wp-block-spacer\"><\/div>\n<!-- \/wp:spacer -->\n\n<!-- wp:heading {\"level\":3} -->\n<h3 class=\"wp-block-heading\">Kundereferencer \/ Customer references<\/h3>\n<!-- \/wp:heading -->\n\n<!-- wp:columns -->\n<div class=\"wp-block-columns\"><!-- wp:column -->\n<div class=\"wp-block-column\"><!-- wp:paragraph -->\n<p>Balder A\/S<br>British Airways Nordic &amp; World Wide<br>Warner Music<br>Emi Music<br>Sony Music<br>Copenhagen Music<br>Mermaid Music<br>McCann Erickson<\/p>\n<!-- \/wp:paragraph --><\/div>\n<!-- \/wp:column -->\n\n<!-- wp:column -->\n<div class=\"wp-block-column\"><!-- wp:paragraph -->\n<p>Diesel Nordic<br>Calvin Klein Europe<br>Tommy Hilfiger Europe<br>By Malene Birger<br>IC Companys \/ World Wide<br>Inwear, Matinique, Part Two, Soaked<br>Perch\u2019s Tehandel<br>Avenue Teatret<\/p>\n<!-- \/wp:paragraph --><\/div>\n<!-- \/wp:column -->\n\n<!-- wp:column -->\n<div class=\"wp-block-column\"><!-- wp:paragraph -->\n<p>\u00d8stre Gasv\u00e6rk<br>Huset teater<br>Chr. Hansens A\/S<br>Nordisk Film<br>DMB&amp;B Moscow (P&amp;G)<br>Emmery<br>Reinh van Hauen<br>BKI Kaffe<\/p>\n<!-- \/wp:paragraph --><\/div>\n<!-- \/wp:column -->\n\n<!-- wp:column -->\n<div class=\"wp-block-column\"><!-- wp:paragraph -->\n<p>Magasin Chokolade<br>Chokolade Fabrikken<br>Young &amp; Rubicam<br>Museum Den Frie<br>Museum R\u00f8nneb\u00e6ksholm<br>AIAIAI<br>L\u00e6ge Foreningen<\/p>\n<!-- \/wp:paragraph -->\n\n<!-- wp:spacer -->\n<div style=\"height:100px\" aria-hidden=\"true\" class=\"wp-block-spacer\"><\/div>\n<!-- \/wp:spacer --><\/div>\n<!-- \/wp:column --><\/div>\n<!-- \/wp:columns -->","_et_gb_content_width":"1080","footnotes":""},"class_list":["post-354","page","type-page","status-publish","hentry"],"yoast_head":"<!-- This site is optimized with the Yoast SEO plugin v27.4 - https:\/\/yoast.com\/product\/yoast-seo-wordpress\/ -->\n<title>OM OS - N. T. Production<\/title>\n<meta name=\"robots\" content=\"index, follow, max-snippet:-1, max-image-preview:large, max-video-preview:-1\" \/>\n<link rel=\"canonical\" href=\"https:\/\/www.duckworld.dk\/en\/om-os\/\" \/>\n<meta name=\"twitter:label1\" content=\"Estimated reading time\" \/>\n\t<meta name=\"twitter:data1\" content=\"2 minutes\" \/>\n<script type=\"application\/ld+json\" class=\"yoast-schema-graph\">{\"@context\":\"https:\\\/\\\/schema.org\",\"@graph\":[{\"@type\":\"WebPage\",\"@id\":\"https:\\\/\\\/www.duckworld.dk\\\/om-os\\\/\",\"url\":\"https:\\\/\\\/www.duckworld.dk\\\/om-os\\\/\",\"name\":\"OM OS - N. T. Production\",\"isPartOf\":{\"@id\":\"https:\\\/\\\/www.duckworld.dk\\\/#website\"},\"datePublished\":\"2014-02-07T12:42:25+00:00\",\"dateModified\":\"2025-10-16T07:25:30+00:00\",\"breadcrumb\":{\"@id\":\"https:\\\/\\\/www.duckworld.dk\\\/om-os\\\/#breadcrumb\"},\"inLanguage\":\"en-GB\",\"potentialAction\":[{\"@type\":\"ReadAction\",\"target\":[\"https:\\\/\\\/www.duckworld.dk\\\/om-os\\\/\"]}]},{\"@type\":\"BreadcrumbList\",\"@id\":\"https:\\\/\\\/www.duckworld.dk\\\/om-os\\\/#breadcrumb\",\"itemListElement\":[{\"@type\":\"ListItem\",\"position\":1,\"name\":\"Home\",\"item\":\"https:\\\/\\\/www.duckworld.dk\\\/\"},{\"@type\":\"ListItem\",\"position\":2,\"name\":\"OM OS\"}]},{\"@type\":\"WebSite\",\"@id\":\"https:\\\/\\\/www.duckworld.dk\\\/#website\",\"url\":\"https:\\\/\\\/www.duckworld.dk\\\/\",\"name\":\"N. T. Production\",\"description\":\"Grafisk produktion - d\u00e5ser - b\u00f8ger - tryksager - custom\",\"potentialAction\":[{\"@type\":\"SearchAction\",\"target\":{\"@type\":\"EntryPoint\",\"urlTemplate\":\"https:\\\/\\\/www.duckworld.dk\\\/?s={search_term_string}\"},\"query-input\":{\"@type\":\"PropertyValueSpecification\",\"valueRequired\":true,\"valueName\":\"search_term_string\"}}],\"inLanguage\":\"en-GB\"}]}<\/script>\n<!-- \/ Yoast SEO plugin. -->","yoast_head_json":{"title":"OM OS - N. T. Production","robots":{"index":"index","follow":"follow","max-snippet":"max-snippet:-1","max-image-preview":"max-image-preview:large","max-video-preview":"max-video-preview:-1"},"canonical":"https:\/\/www.duckworld.dk\/en\/om-os\/","twitter_misc":{"Estimated reading time":"2 minutes"},"schema":{"@context":"https:\/\/schema.org","@graph":[{"@type":"WebPage","@id":"https:\/\/www.duckworld.dk\/om-os\/","url":"https:\/\/www.duckworld.dk\/om-os\/","name":"OM OS - N. T. Production","isPartOf":{"@id":"https:\/\/www.duckworld.dk\/#website"},"datePublished":"2014-02-07T12:42:25+00:00","dateModified":"2025-10-16T07:25:30+00:00","breadcrumb":{"@id":"https:\/\/www.duckworld.dk\/om-os\/#breadcrumb"},"inLanguage":"en-GB","potentialAction":[{"@type":"ReadAction","target":["https:\/\/www.duckworld.dk\/om-os\/"]}]},{"@type":"BreadcrumbList","@id":"https:\/\/www.duckworld.dk\/om-os\/#breadcrumb","itemListElement":[{"@type":"ListItem","position":1,"name":"Home","item":"https:\/\/www.duckworld.dk\/"},{"@type":"ListItem","position":2,"name":"OM OS"}]},{"@type":"WebSite","@id":"https:\/\/www.duckworld.dk\/#website","url":"https:\/\/www.duckworld.dk\/","name":"N. T. Production","description":"Grafisk produktion - d\u00e5ser - b\u00f8ger - tryksager - custom","potentialAction":[{"@type":"SearchAction","target":{"@type":"EntryPoint","urlTemplate":"https:\/\/www.duckworld.dk\/?s={search_term_string}"},"query-input":{"@type":"PropertyValueSpecification","valueRequired":true,"valueName":"search_term_string"}}],"inLanguage":"en-GB"}]}},"_links":{"self":[{"href":"https:\/\/www.duckworld.dk\/en\/wp-json\/wp\/v2\/pages\/354","targetHints":{"allow":["GET"]}}],"collection":[{"href":"https:\/\/www.duckworld.dk\/en\/wp-json\/wp\/v2\/pages"}],"about":[{"href":"https:\/\/www.duckworld.dk\/en\/wp-json\/wp\/v2\/types\/page"}],"author":[{"embeddable":true,"href":"https:\/\/www.duckworld.dk\/en\/wp-json\/wp\/v2\/users\/6"}],"replies":[{"embeddable":true,"href":"https:\/\/www.duckworld.dk\/en\/wp-json\/wp\/v2\/comments?post=354"}],"version-history":[{"count":0,"href":"https:\/\/www.duckworld.dk\/en\/wp-json\/wp\/v2\/pages\/354\/revisions"}],"wp:attachment":[{"href":"https:\/\/www.duckworld.dk\/en\/wp-json\/wp\/v2\/media?parent=354"}],"curies":[{"name":"wp","href":"https:\/\/api.w.org\/{rel}","templated":true}]}}