{"id":353,"date":"2018-11-21T12:00:06","date_gmt":"2018-11-21T11:00:06","guid":{"rendered":"https:\/\/www.duckworld.dk\/?page_id=353"},"modified":"2025-06-24T11:57:49","modified_gmt":"2025-06-24T09:57:49","slug":"foedevarekontrollens-certificeringer","status":"publish","type":"page","link":"https:\/\/www.duckworld.dk\/en\/foedevarekontrollens-certificeringer\/","title":{"rendered":"F\u00f8devarekontrollens certificeringer og kontroller"},"content":{"rendered":"<p>[et_pb_section fb_built=&#8221;1&#8243; _builder_version=&#8221;4.16&#8243; custom_padding=&#8221;||150px|||&#8221; global_colors_info=&#8221;{}&#8221;][et_pb_row _builder_version=&#8221;4.16&#8243; background_size=&#8221;initial&#8221; background_position=&#8221;top_left&#8221; background_repeat=&#8221;repeat&#8221; custom_margin=&#8221;|auto|119px|auto||&#8221; custom_padding=&#8221;60px|||||&#8221; global_colors_info=&#8221;{}&#8221;][et_pb_column type=&#8221;4_4&#8243; _builder_version=&#8221;4.16&#8243; custom_padding=&#8221;|||&#8221; global_colors_info=&#8221;{}&#8221; custom_padding__hover=&#8221;|||&#8221;][et_pb_text _builder_version=&#8221;4.27.4&#8243; background_size=&#8221;initial&#8221; background_position=&#8221;top_left&#8221; background_repeat=&#8221;repeat&#8221; hover_enabled=&#8221;0&#8243; global_colors_info=&#8221;{}&#8221; text_font_size=&#8221;20px&#8221; sticky_enabled=&#8221;0&#8243;]Se <a href=\"https:\/\/www.findsmiley.dk\/1241942\" target=\"_blank\" rel=\"noreferrer noopener\">F\u00f8devarekontrollens seneste kontrolrapporter<\/a>.<\/p>\n<p>[\/et_pb_text][et_pb_text _builder_version=&#8221;4.27.4&#8243; background_size=&#8221;initial&#8221; background_position=&#8221;top_left&#8221; background_repeat=&#8221;repeat&#8221; hover_enabled=&#8221;0&#8243; global_colors_info=&#8221;{}&#8221; text_font_size=&#8221;20px&#8221; sticky_enabled=&#8221;0&#8243; custom_margin=&#8221;40px||||false|false&#8221;]<\/p>\n<p>Hent NT Productions erkl\u00e6ring om lovm\u00e6ssig brug af materialer bestemt til kontakt med f\u00f8devarer:<\/p>\n<p><a href=\"https:\/\/www.duckworld.dk\/wp-content\/uploads\/2018\/11\/ntp_erklaering_daaser_nov18.pdf\">Erkl\u00e6ring om d\u00e5ser (som pdf)<\/a><\/p>\n<p><a href=\"https:\/\/www.duckworld.dk\/wp-content\/uploads\/2014\/02\/ntp_erklaering_om_porcelaen_300617.pdf\">Erkl\u00e6ring om porcel\u00e6n (som PDF)<\/a><\/p>\n<p>[\/et_pb_text][\/et_pb_column][\/et_pb_row][\/et_pb_section]<\/p>","protected":false},"excerpt":{"rendered":"<p>Se F\u00f8devarekontrollens seneste kontrolrapporter.Hent NT Productions erkl\u00e6ring om lovm\u00e6ssig brug af materialer bestemt til kontakt med f\u00f8devarer: Erkl\u00e6ring om d\u00e5ser (som pdf) Erkl\u00e6ring om porcel\u00e6n (som PDF)<\/p>","protected":false},"author":6,"featured_media":0,"parent":0,"menu_order":0,"comment_status":"closed","ping_status":"closed","template":"","meta":{"_et_pb_use_builder":"on","_et_pb_old_content":"<!-- wp:paragraph {\"fontSize\":\"medium\"} -->\n<p class=\"has-medium-font-size\">Se <a href=\"http:\/\/www.findsmiley.dk\/da-DK\/Searching\/DetailsView.htm?virk=111021251\" target=\"_blank\" rel=\"noreferrer noopener\">F\u00f8devarekontrollens seneste kontrolrapporter<\/a>.<\/p>\n<!-- \/wp:paragraph -->\n\n<!-- wp:spacer {\"height\":\"40px\"} -->\n<div style=\"height:40px\" aria-hidden=\"true\" class=\"wp-block-spacer\"><\/div>\n<!-- \/wp:spacer -->\n\n<!-- wp:paragraph {\"fontSize\":\"medium\"} -->\n<p class=\"has-medium-font-size\">Hent NT Productions erkl\u00e6ring om lovm\u00e6ssig brug af materialer bestemt til kontakt med f\u00f8devarer:<\/p>\n<!-- \/wp:paragraph -->\n\n<!-- wp:paragraph {\"fontSize\":\"medium\"} -->\n<p class=\"has-medium-font-size\"><a href=\"https:\/\/www.duckworld.dk\/wp-content\/uploads\/2018\/11\/ntp_erklaering_daaser_nov18.pdf\">Erkl\u00e6ring om d\u00e5ser (som pdf)<\/a><\/p>\n<!-- \/wp:paragraph -->\n\n<!-- wp:paragraph {\"fontSize\":\"medium\"} -->\n<p class=\"has-medium-font-size\"><a href=\"https:\/\/www.duckworld.dk\/wp-content\/uploads\/2014\/02\/ntp_erklaering_om_porcelaen_300617.pdf\">Erkl\u00e6ring om porcel\u00e6n (som PDF)<\/a><\/p>\n<!-- \/wp:paragraph -->\n\n<!-- wp:spacer {\"height\":\"310px\"} -->\n<div style=\"height:310px\" aria-hidden=\"true\" class=\"wp-block-spacer\"><\/div>\n<!-- \/wp:spacer -->","_et_gb_content_width":"1100","footnotes":""},"class_list":["post-353","page","type-page","status-publish","hentry"],"yoast_head":"<!-- This site is optimized with the Yoast SEO plugin v27.4 - https:\/\/yoast.com\/product\/yoast-seo-wordpress\/ -->\n<title>F\u00f8devarekontrollens certificeringer og kontroller - N. T. Production<\/title>\n<meta name=\"robots\" content=\"index, follow, max-snippet:-1, max-image-preview:large, max-video-preview:-1\" \/>\n<link rel=\"canonical\" href=\"https:\/\/www.duckworld.dk\/en\/foedevarekontrollens-certificeringer\/\" \/>\n<meta name=\"twitter:label1\" content=\"Estimated reading time\" \/>\n\t<meta name=\"twitter:data1\" content=\"1 minute\" \/>\n<script type=\"application\/ld+json\" class=\"yoast-schema-graph\">{\"@context\":\"https:\\\/\\\/schema.org\",\"@graph\":[{\"@type\":\"WebPage\",\"@id\":\"https:\\\/\\\/www.duckworld.dk\\\/foedevarekontrollens-certificeringer\\\/\",\"url\":\"https:\\\/\\\/www.duckworld.dk\\\/foedevarekontrollens-certificeringer\\\/\",\"name\":\"F\u00f8devarekontrollens certificeringer og kontroller - N. T. Production\",\"isPartOf\":{\"@id\":\"https:\\\/\\\/www.duckworld.dk\\\/#website\"},\"datePublished\":\"2018-11-21T11:00:06+00:00\",\"dateModified\":\"2025-06-24T09:57:49+00:00\",\"breadcrumb\":{\"@id\":\"https:\\\/\\\/www.duckworld.dk\\\/foedevarekontrollens-certificeringer\\\/#breadcrumb\"},\"inLanguage\":\"en-GB\",\"potentialAction\":[{\"@type\":\"ReadAction\",\"target\":[\"https:\\\/\\\/www.duckworld.dk\\\/foedevarekontrollens-certificeringer\\\/\"]}]},{\"@type\":\"BreadcrumbList\",\"@id\":\"https:\\\/\\\/www.duckworld.dk\\\/foedevarekontrollens-certificeringer\\\/#breadcrumb\",\"itemListElement\":[{\"@type\":\"ListItem\",\"position\":1,\"name\":\"Home\",\"item\":\"https:\\\/\\\/www.duckworld.dk\\\/\"},{\"@type\":\"ListItem\",\"position\":2,\"name\":\"F\u00f8devarekontrollens certificeringer og kontroller\"}]},{\"@type\":\"WebSite\",\"@id\":\"https:\\\/\\\/www.duckworld.dk\\\/#website\",\"url\":\"https:\\\/\\\/www.duckworld.dk\\\/\",\"name\":\"N. T. Production\",\"description\":\"Grafisk produktion - d\u00e5ser - b\u00f8ger - tryksager - custom\",\"potentialAction\":[{\"@type\":\"SearchAction\",\"target\":{\"@type\":\"EntryPoint\",\"urlTemplate\":\"https:\\\/\\\/www.duckworld.dk\\\/?s={search_term_string}\"},\"query-input\":{\"@type\":\"PropertyValueSpecification\",\"valueRequired\":true,\"valueName\":\"search_term_string\"}}],\"inLanguage\":\"en-GB\"}]}<\/script>\n<!-- \/ Yoast SEO plugin. -->","yoast_head_json":{"title":"F\u00f8devarekontrollens certificeringer og kontroller - N. T. Production","robots":{"index":"index","follow":"follow","max-snippet":"max-snippet:-1","max-image-preview":"max-image-preview:large","max-video-preview":"max-video-preview:-1"},"canonical":"https:\/\/www.duckworld.dk\/en\/foedevarekontrollens-certificeringer\/","twitter_misc":{"Estimated reading time":"1 minute"},"schema":{"@context":"https:\/\/schema.org","@graph":[{"@type":"WebPage","@id":"https:\/\/www.duckworld.dk\/foedevarekontrollens-certificeringer\/","url":"https:\/\/www.duckworld.dk\/foedevarekontrollens-certificeringer\/","name":"F\u00f8devarekontrollens certificeringer og kontroller - N. T. Production","isPartOf":{"@id":"https:\/\/www.duckworld.dk\/#website"},"datePublished":"2018-11-21T11:00:06+00:00","dateModified":"2025-06-24T09:57:49+00:00","breadcrumb":{"@id":"https:\/\/www.duckworld.dk\/foedevarekontrollens-certificeringer\/#breadcrumb"},"inLanguage":"en-GB","potentialAction":[{"@type":"ReadAction","target":["https:\/\/www.duckworld.dk\/foedevarekontrollens-certificeringer\/"]}]},{"@type":"BreadcrumbList","@id":"https:\/\/www.duckworld.dk\/foedevarekontrollens-certificeringer\/#breadcrumb","itemListElement":[{"@type":"ListItem","position":1,"name":"Home","item":"https:\/\/www.duckworld.dk\/"},{"@type":"ListItem","position":2,"name":"F\u00f8devarekontrollens certificeringer og kontroller"}]},{"@type":"WebSite","@id":"https:\/\/www.duckworld.dk\/#website","url":"https:\/\/www.duckworld.dk\/","name":"N. T. Production","description":"Grafisk produktion - d\u00e5ser - b\u00f8ger - tryksager - custom","potentialAction":[{"@type":"SearchAction","target":{"@type":"EntryPoint","urlTemplate":"https:\/\/www.duckworld.dk\/?s={search_term_string}"},"query-input":{"@type":"PropertyValueSpecification","valueRequired":true,"valueName":"search_term_string"}}],"inLanguage":"en-GB"}]}},"_links":{"self":[{"href":"https:\/\/www.duckworld.dk\/en\/wp-json\/wp\/v2\/pages\/353","targetHints":{"allow":["GET"]}}],"collection":[{"href":"https:\/\/www.duckworld.dk\/en\/wp-json\/wp\/v2\/pages"}],"about":[{"href":"https:\/\/www.duckworld.dk\/en\/wp-json\/wp\/v2\/types\/page"}],"author":[{"embeddable":true,"href":"https:\/\/www.duckworld.dk\/en\/wp-json\/wp\/v2\/users\/6"}],"replies":[{"embeddable":true,"href":"https:\/\/www.duckworld.dk\/en\/wp-json\/wp\/v2\/comments?post=353"}],"version-history":[{"count":0,"href":"https:\/\/www.duckworld.dk\/en\/wp-json\/wp\/v2\/pages\/353\/revisions"}],"wp:attachment":[{"href":"https:\/\/www.duckworld.dk\/en\/wp-json\/wp\/v2\/media?parent=353"}],"curies":[{"name":"wp","href":"https:\/\/api.w.org\/{rel}","templated":true}]}}